{"id":1515,"date":"2023-02-28T18:55:42","date_gmt":"2023-02-28T17:55:42","guid":{"rendered":"https:\/\/www.akademosprzedszkole.pl\/zlobek\/?page_id=1515"},"modified":"2025-12-19T13:27:17","modified_gmt":"2025-12-19T12:27:17","slug":"rekrutacja","status":"publish","type":"page","link":"https:\/\/www.akademosprzedszkole.pl\/zlobek\/rekrutacja\/","title":{"rendered":"REKRUTACJA"},"content":{"rendered":"\n\n\t\t\t\t<img loading=\"lazy\" decoding=\"async\" src=\"https:\/\/www.akademosprzedszkole.pl\/zlobek\/wp-content\/uploads\/2023\/02\/329503055_932396107767193_6326556902790020255_n.jpg\" alt=\"329503055_932396107767193_6326556902790020255_n\" itemprop=\"image\" height=\"800\" width=\"1200\" title=\"329503055_932396107767193_6326556902790020255_n\" onerror=\"this.style.display='none'\"  \/>\n\t\t\t<a href=\"https:\/\/www.akademosprzedszkole.pl\/zlobek\/wp-content\/uploads\/2024\/02\/Standardy-ochrony-maloletnich-przed-krzywdzeniem-ZLOBEK.pdf\" target=\"_self\" role=\"button\">\n\t\t\t\t\t\tStandardy ochrony ma\u0142oletnich przed krzywdzeniem w Niepublicznym \u017b\u0142obku AKADEMOS w Z\u0142otnikach\n\t\t\t\t\t<\/a>\n\t\t\t<a href=\"\" target=\"_self\" role=\"button\">\n\t\t\t\t\t\tStandardy opieki nad dzie\u0107mi do lat 3 w Niepublicznym \u017b\u0142obku AKADEMOS w Z\u0142otnikach\n\t\t\t\t\t<\/a>\n\n","protected":false},"excerpt":{"rendered":"<p>Standardy ochrony ma\u0142oletnich przed krzywdzeniem w Niepublicznym \u017b\u0142obku AKADEMOS w Z\u0142otnikach Standardy opieki nad dzie\u0107mi do lat 3 w Niepublicznym \u017b\u0142obku AKADEMOS w Z\u0142otnikach<\/p>\n","protected":false},"author":3,"featured_media":0,"parent":0,"menu_order":6,"comment_status":"closed","ping_status":"closed","template":"","meta":{"inline_featured_image":false,"footnotes":""},"class_list":["post-1515","page","type-page","status-publish"],"_links":{"self":[{"href":"https:\/\/www.akademosprzedszkole.pl\/zlobek\/wp-json\/wp\/v2\/pages\/1515","targetHints":{"allow":["GET"]}}],"collection":[{"href":"https:\/\/www.akademosprzedszkole.pl\/zlobek\/wp-json\/wp\/v2\/pages"}],"about":[{"href":"https:\/\/www.akademosprzedszkole.pl\/zlobek\/wp-json\/wp\/v2\/types\/page"}],"author":[{"embeddable":true,"href":"https:\/\/www.akademosprzedszkole.pl\/zlobek\/wp-json\/wp\/v2\/users\/3"}],"replies":[{"embeddable":true,"href":"https:\/\/www.akademosprzedszkole.pl\/zlobek\/wp-json\/wp\/v2\/comments?post=1515"}],"version-history":[{"count":5,"href":"https:\/\/www.akademosprzedszkole.pl\/zlobek\/wp-json\/wp\/v2\/pages\/1515\/revisions"}],"predecessor-version":[{"id":2553,"href":"https:\/\/www.akademosprzedszkole.pl\/zlobek\/wp-json\/wp\/v2\/pages\/1515\/revisions\/2553"}],"wp:attachment":[{"href":"https:\/\/www.akademosprzedszkole.pl\/zlobek\/wp-json\/wp\/v2\/media?parent=1515"}],"curies":[{"name":"wp","href":"https:\/\/api.w.org\/{rel}","templated":true}]}}