{"id":25,"date":"2021-10-19T10:54:56","date_gmt":"2021-10-19T08:54:56","guid":{"rendered":"https:\/\/www.akademosprzedszkole.pl\/zlobek\/?page_id=25"},"modified":"2025-08-14T13:12:50","modified_gmt":"2025-08-14T11:12:50","slug":"platnosci","status":"publish","type":"page","link":"https:\/\/www.akademosprzedszkole.pl\/zlobek\/platnosci\/","title":{"rendered":"P\u0142atno\u015bci"},"content":{"rendered":"\n<h1>\n\t\tP\u0142atno\u015bci\n\t<\/h1>\n\t\t\t\t<img loading=\"lazy\" decoding=\"async\" src=\"https:\/\/www.akademosprzedszkole.pl\/zlobek\/wp-content\/uploads\/2022\/08\/akademos-pic-05-zlobek.png\" alt=\"akademos-pic-05-zlobek\" itemprop=\"image\" height=\"317\" width=\"592\" title=\"akademos-pic-05-zlobek\" onerror=\"this.style.display='none'\"  \/>\n<h2>\n\t\tCZESNE\n\t<\/h2>\n\t<p>Ca\u0142kowity koszt czesnego wynosi <strong>1950,00 z\u0142.<\/strong><\/p>\n<p>Rodzic mo\u017ce uzyska\u0107 dofinansowanie z programu rz\u0105dowego: Aktywnie w \u017c\u0142obku w wysoko\u015bci <strong>1500 z\u0142\/ mc.<\/strong><\/p>\n<p>Dodatkowo koszt obni\u017cony jest o dofinansowanie z Urz\u0119du Gminy Suchy Las w wysoko\u015bci 450,00 z\u0142 *.<\/p>\n<p>* <em>od 1 wrze\u015bnia 2024 r. dofinansowanie z UG w wysoko\u015bci 450,00 z\u0142 tylko dla dzieci zamieszka\u0142ych na terenie gminy Suchy Las.<\/em><\/p>\n<p>&nbsp;<\/p>\n<h2>\n\t\tWy\u017cywienie\n\t<\/h2>\n\t<p><strong>1 pakiet<\/strong><\/p>\n\t<p>\u015aniadanie z napojem + zupa:\u00a0 10,50 z\u0142<\/p>\n<p><strong>R\u00f3\u017cnorodna dieta: bezbia\u0142kowa, bezglutenowa, wegetaria\u0144ska:<\/strong> 11,50 z\u0142<\/p>\n<p>Dieta indywidualna uwzgl\u0119dniaj\u0105ca wykluczenie kilku alergen\u00f3w: 12,50 z\u0142<\/p>\n\t<p><strong>2 pakiet<\/strong><\/p>\n\t<p>Ca\u0142odzienne wy\u017cywienie (\u015bniadanie z napojem + zupa + drugie danie + deser): 18,00 z\u0142<\/p>\n<p><strong>R\u00f3\u017cnorodna dieta: bezbia\u0142kowa, bezglutenowa, wegetaria\u0144ska:<\/strong> 19,00 z\u0142<\/p>\n<p>Dieta indywidualna uwzgl\u0119dniaj\u0105ca wykluczenie kilku alergen\u00f3w: 20,00 z\u0142<\/p>\n\tNumer rachunku bankowego:<br \/>\n74 1020 4027 0000 1902 1455 5835\n\t\t\t\t<img loading=\"lazy\" decoding=\"async\" src=\"https:\/\/www.akademosprzedszkole.pl\/zlobek\/wp-content\/uploads\/2022\/08\/akademos-pic-06-zlobek.png\" alt=\"akademos-pic-06-zlobek\" itemprop=\"image\" height=\"315\" width=\"504\" title=\"akademos-pic-06-zlobek\" onerror=\"this.style.display='none'\"  \/>\n\n","protected":false},"excerpt":{"rendered":"<p>P\u0142atno\u015bci CZESNE Ca\u0142kowity koszt czesnego wynosi 1950,00 z\u0142. Rodzic mo\u017ce uzyska\u0107 dofinansowanie z programu rz\u0105dowego: Aktywnie w \u017c\u0142obku w wysoko\u015bci 1500 z\u0142\/ mc. Dodatkowo koszt obni\u017cony jest o dofinansowanie z Urz\u0119du Gminy Suchy Las w wysoko\u015bci 450,00 z\u0142 *. * od 1 wrze\u015bnia 2024 r. dofinansowanie z UG w wysoko\u015bci 450,00 z\u0142 tylko dla dzieci &#8230; <a title=\"P\u0142atno\u015bci\" class=\"read-more\" href=\"https:\/\/www.akademosprzedszkole.pl\/zlobek\/platnosci\/\" aria-label=\"More on P\u0142atno\u015bci\">Czytaj dalej<\/a><\/p>\n","protected":false},"author":1,"featured_media":0,"parent":0,"menu_order":0,"comment_status":"closed","ping_status":"closed","template":"","meta":{"inline_featured_image":false,"footnotes":""},"class_list":["post-25","page","type-page","status-publish"],"_links":{"self":[{"href":"https:\/\/www.akademosprzedszkole.pl\/zlobek\/wp-json\/wp\/v2\/pages\/25","targetHints":{"allow":["GET"]}}],"collection":[{"href":"https:\/\/www.akademosprzedszkole.pl\/zlobek\/wp-json\/wp\/v2\/pages"}],"about":[{"href":"https:\/\/www.akademosprzedszkole.pl\/zlobek\/wp-json\/wp\/v2\/types\/page"}],"author":[{"embeddable":true,"href":"https:\/\/www.akademosprzedszkole.pl\/zlobek\/wp-json\/wp\/v2\/users\/1"}],"replies":[{"embeddable":true,"href":"https:\/\/www.akademosprzedszkole.pl\/zlobek\/wp-json\/wp\/v2\/comments?post=25"}],"version-history":[{"count":30,"href":"https:\/\/www.akademosprzedszkole.pl\/zlobek\/wp-json\/wp\/v2\/pages\/25\/revisions"}],"predecessor-version":[{"id":2316,"href":"https:\/\/www.akademosprzedszkole.pl\/zlobek\/wp-json\/wp\/v2\/pages\/25\/revisions\/2316"}],"wp:attachment":[{"href":"https:\/\/www.akademosprzedszkole.pl\/zlobek\/wp-json\/wp\/v2\/media?parent=25"}],"curies":[{"name":"wp","href":"https:\/\/api.w.org\/{rel}","templated":true}]}}