{"id":29,"date":"2021-10-19T10:54:56","date_gmt":"2021-10-19T08:54:56","guid":{"rendered":"https:\/\/www.akademosprzedszkole.pl\/zlobek\/?page_id=29"},"modified":"2025-02-12T13:50:16","modified_gmt":"2025-02-12T12:50:16","slug":"kontakt","status":"publish","type":"page","link":"https:\/\/www.akademosprzedszkole.pl\/zlobek\/kontakt\/","title":{"rendered":"Kontakt"},"content":{"rendered":"\n<h1>\n\t\tKontakt\n\t<\/h1>\n<h2>\n\t\tNiepubliczny \u017b\u0142obek <br \/>AKADEMOS w Z\u0142otnikach\n\t<\/h2>\n\tul. \u0141agiewnicka 2<br \/>\n62-002 Z\u0142otniki \/ Suchy Las\n\t<p>Godziny otwarcia \u017c\u0142obka: 6:30 &#8211; 17:30<\/p>\n<h3>\n\t\tSekretariat\n\t<\/h3>\n\tSekretarz: <strong>Joanna Foltyniewicz<br \/>\n<\/strong>\nSekretariat czynny od poniedzia\u0142ku do pi\u0105tku<br \/>\n<strong>07:30 &#8211; 15:30<\/strong>\n\t\t\t<a href=\"tel:0048515169083\" target=\"_self\" role=\"button\">\n\t\t\t\t\t\t\ttel. 515 169 083\n\t\t\t\t\t<\/a>\n\t\t\t<a href=\"mailto:sekretariat@akademosprzedszkole.pl\" target=\"_self\" role=\"button\">\n\t\t\t\t\t\t\tsekretariat@akademosprzedszkole.pl\n\t\t\t\t\t<\/a>\n\t<p>W celu um\u00f3wienia spotkania prosimy o kontakt z sekretariatem.<\/p>\n\t\t\t\t<img loading=\"lazy\" decoding=\"async\" src=\"https:\/\/www.akademosprzedszkole.pl\/zlobek\/wp-content\/uploads\/2021\/10\/akademos-foto-00013.jpg\" alt=\"akademos-foto-00013\" itemprop=\"image\" height=\"800\" width=\"800\" title=\"akademos-foto-00013\" onerror=\"this.style.display='none'\"  \/>\n\t\t\t\t<img decoding=\"async\" src=\"https:\/\/www.akademosprzedszkole.pl\/zlobek\/wp-content\/uploads\/bb-plugin\/cache\/Monika-Skrzypczak2-dyrektor-czlonek-zarzadu-circle-circle.jpg\" alt=\"Monika-Skrzypczak2-dyrektor-czlonek-zarzadu-circle\" title=\"Monika-Skrzypczak2-dyrektor-czlonek-zarzadu-circle\" itemprop=\"image\"\/>\n\t\t\t\t \n\t\t<h3>Monika Skrzypczak<\/h3>dyrektor, prezes zarz\u0105du\t\t\t\t\t\n\t\t\t\t<img decoding=\"async\" src=\"https:\/\/www.akademosprzedszkole.pl\/zlobek\/wp-content\/uploads\/bb-plugin\/cache\/Ewa-Kubiak2-wicedyrektor-circle-circle.jpg\" alt=\"Ewa-Kubiak2-wicedyrektor-circle\" title=\"Ewa-Kubiak2-wicedyrektor-circle\" itemprop=\"image\"\/>\n\t\t\t\t \n\t\t<h3>Ewa Kubiak<\/h3>wicedyrektor\t\t\t\t\t\n\t\t\t\t<img decoding=\"async\" src=\"https:\/\/www.akademosprzedszkole.pl\/zlobek\/wp-content\/uploads\/bb-plugin\/cache\/Joanna-Foltyniewicz2-sekretarz-circle-circle.jpg\" alt=\"Joanna-Foltyniewicz2-sekretarz-circle\" title=\"Joanna-Foltyniewicz2-sekretarz-circle\" itemprop=\"image\"\/>\n\t\t\t\t \n\t\t<h3>Joanna Foltyniewicz<\/h3>sekretarz\t\t\t\t\t\n\t\t\t\t<img loading=\"lazy\" decoding=\"async\" src=\"https:\/\/www.akademosprzedszkole.pl\/zlobek\/wp-content\/uploads\/2022\/08\/akademos-pic-07-zlobek.png\" alt=\"akademos-pic-07-zlobek\" itemprop=\"image\" height=\"446\" width=\"323\" title=\"akademos-pic-07-zlobek\" onerror=\"this.style.display='none'\"  \/>\n\t<a href=\"mailto:sekretariat@akademosprzedszkole.pl\" target=\"_self\"  aria-label=\"Go to mailto:sekretariat@akademosprzedszkole.pl\"><\/a>\n\t\t\t\t<p><strong>Organ prowadz\u0105cy: <br \/><\/strong><\/p>\n<p><strong>Edu Dydaktyka sp. z o.o.\u00a0<br \/><\/strong>Jelonek, ul. Obornicka 8a<br \/>62-002 Suchy Las<\/p>\n<p><em>Um\u00f3wienie spotkania z\u00a0Dyrektorem i\u00a0Wicedyrektorem za po\u015brednictwem sekretariatu.<\/em><\/p>\n\t<iframe src=\"https:\/\/www.google.com\/maps\/embed?pb=!1m18!1m12!1m3!1d38868.62017194693!2d16.807972678899958!3d52.49201234605509!2m3!1f0!2f0!3f0!3m2!1i1024!2i768!4f13.1!3m3!1m2!1s0x4704422c32c420f3%3A0x66f5d89d26247f47!2s%C5%81agiewnicka%202%2C%2062-002%20Z%C5%82otniki!5e0!3m2!1spl!2spl!4v1663743822891!5m2!1spl!2spl\" width=\"100%\" height=\"450\" allowfullscreen=\"\" loading=\"lazy\" referrerpolicy=\"no-referrer-when-downgrade\"><\/iframe>\n\n","protected":false},"excerpt":{"rendered":"<p>Kontakt Niepubliczny \u017b\u0142obek AKADEMOS w Z\u0142otnikach ul. \u0141agiewnicka 2 62-002 Z\u0142otniki \/ Suchy Las Godziny otwarcia \u017c\u0142obka: 6:30 &#8211; 17:30 Sekretariat Sekretarz: Joanna Foltyniewicz Sekretariat czynny od poniedzia\u0142ku do pi\u0105tku 07:30 &#8211; 15:30 tel. 515 169 083 sekretariat@akademosprzedszkole.pl W celu um\u00f3wienia spotkania prosimy o kontakt z sekretariatem. Monika Skrzypczak dyrektor, prezes zarz\u0105du Ewa Kubiak wicedyrektor &#8230; <a title=\"Kontakt\" class=\"read-more\" href=\"https:\/\/www.akademosprzedszkole.pl\/zlobek\/kontakt\/\" aria-label=\"More on Kontakt\">Czytaj dalej<\/a><\/p>\n","protected":false},"author":1,"featured_media":0,"parent":0,"menu_order":0,"comment_status":"closed","ping_status":"closed","template":"","meta":{"inline_featured_image":false,"footnotes":""},"class_list":["post-29","page","type-page","status-publish"],"_links":{"self":[{"href":"https:\/\/www.akademosprzedszkole.pl\/zlobek\/wp-json\/wp\/v2\/pages\/29","targetHints":{"allow":["GET"]}}],"collection":[{"href":"https:\/\/www.akademosprzedszkole.pl\/zlobek\/wp-json\/wp\/v2\/pages"}],"about":[{"href":"https:\/\/www.akademosprzedszkole.pl\/zlobek\/wp-json\/wp\/v2\/types\/page"}],"author":[{"embeddable":true,"href":"https:\/\/www.akademosprzedszkole.pl\/zlobek\/wp-json\/wp\/v2\/users\/1"}],"replies":[{"embeddable":true,"href":"https:\/\/www.akademosprzedszkole.pl\/zlobek\/wp-json\/wp\/v2\/comments?post=29"}],"version-history":[{"count":40,"href":"https:\/\/www.akademosprzedszkole.pl\/zlobek\/wp-json\/wp\/v2\/pages\/29\/revisions"}],"predecessor-version":[{"id":2194,"href":"https:\/\/www.akademosprzedszkole.pl\/zlobek\/wp-json\/wp\/v2\/pages\/29\/revisions\/2194"}],"wp:attachment":[{"href":"https:\/\/www.akademosprzedszkole.pl\/zlobek\/wp-json\/wp\/v2\/media?parent=29"}],"curies":[{"name":"wp","href":"https:\/\/api.w.org\/{rel}","templated":true}]}}