{"id":5,"date":"2021-10-11T12:31:55","date_gmt":"2021-10-11T10:31:55","guid":{"rendered":"https:\/\/www.akademosprzedszkole.pl\/zlobek\/?page_id=5"},"modified":"2025-01-10T09:39:55","modified_gmt":"2025-01-10T08:39:55","slug":"publiczne-przedszkole-akademos","status":"publish","type":"page","link":"https:\/\/www.akademosprzedszkole.pl\/zlobek\/","title":{"rendered":"Publiczne przedszkole Akademos"},"content":{"rendered":"\n<h1>\n\t\tPoznajmy si\u0119\n\t<\/h1>\n<h2>\n\t\tNiepubliczny \u017c\u0142obek Akademos w Z\u0142otnikach\n\t<\/h2>\n\t<p>Tw\u00f3j maluch potrzebuje poczucia bezpiecze\u0144stwa, rozwojowych zaj\u0119\u0107 oraz przestrzeni do radosnej i beztroskiej zabawy, a my wiemy, jak mu to zagwarantowa\u0107. Nasza kadra to osoby z du\u017cym do\u015bwiadczeniem, ogromn\u0105 pasj\u0105 i, co najwa\u017cniejsze, mi\u0142o\u015bci\u0105 do dzieci.<\/p>\n<p>Wiemy, jak wa\u017cne jest otoczenie Twojego dziecka. Przygotowali\u015bmy dla naszych podopiecznych przestronne, klimatyzowane sale, a ka\u017cda z nich podzielona jest na dwie strefy: zabawowo-relaksacyjn\u0105 oraz jadalno-edukacyjn\u0105. W ka\u017cdej z grup \u017c\u0142obkowych zapewniamy opiek\u0119 maluchom w wieku 1-2,5 roku.<\/p>\n<p>Kiedy Tw\u00f3j maluch wyro\u015bnie ze \u017c\u0142obka, a\u017c do 6. roku \u017cycia mo\u017ce kontynuowa\u0107 nauk\u0119 w naszym publicznym przedszkolu, dzi\u0119ki czemu zaoszcz\u0119dzisz mu stresu adaptacji w nowym miejscu.<\/p>\n\t\t\t\t<img loading=\"lazy\" decoding=\"async\" src=\"https:\/\/www.akademosprzedszkole.pl\/zlobek\/wp-content\/uploads\/2022\/08\/akademos-pic-01-zlobek-760x1024.jpg\" alt=\"akademos-pic-01-zlobek\" itemprop=\"image\" height=\"1024\" width=\"760\" title=\"akademos-pic-01-zlobek\" onerror=\"this.style.display='none'\"  \/>\n\t<p><em>Dziecko ma prawo by\u0107 sob\u0105. Ma prawo do pope\u0142niania b\u0142\u0119d\u00f3w. Ma prawo do posiadania w\u0142asnego zdania. Ma prawo do szacunku. Nie ma dzieci &#8211; s\u0105 ludzie.<\/em><\/p>\n<p>Janusz Korczak<\/p>\n\t\t\t\t<img loading=\"lazy\" decoding=\"async\" src=\"https:\/\/www.akademosprzedszkole.pl\/zlobek\/wp-content\/uploads\/2022\/08\/akademos-pic-02-zlobek.png\" alt=\"akademos-pic-02-zlobek\" itemprop=\"image\" height=\"391\" width=\"403\" title=\"akademos-pic-02-zlobek\" onerror=\"this.style.display='none'\"  \/>\n<h1>\n\t\tO TO DBAMY\n\t<\/h1>\n\t\t\t\t<img decoding=\"async\" src=\"https:\/\/www.akademosprzedszkole.pl\/zlobek\/wp-content\/uploads\/2021\/10\/opieka.svg\" alt=\"opieka\" title=\"opieka\" itemprop=\"image\"\/>\n\t\t\t\t<p><strong>wzbogacanie wyobra\u017ani<\/strong><\/p>\n\t\t\t\t<img decoding=\"async\" src=\"https:\/\/www.akademosprzedszkole.pl\/zlobek\/wp-content\/uploads\/2021\/10\/plac-zabaw.svg\" alt=\"plac-zabaw\" title=\"plac-zabaw\" itemprop=\"image\"\/>\n\t\t\t\t<p>rozwijanie <strong>samodzielno\u015bci<\/strong> dziecka<\/p>\n\t\t\t\t<img decoding=\"async\" src=\"https:\/\/www.akademosprzedszkole.pl\/zlobek\/wp-content\/uploads\/2021\/10\/plan-daltonski.svg\" alt=\"plan-daltonski\" title=\"plan-daltonski\" itemprop=\"image\"\/>\n\t\t\t\t<p><strong>wsp\u00f3\u0142praca<\/strong> i <strong>integracja<\/strong> dzieci<\/p>\n\t\t\t\t<img decoding=\"async\" src=\"https:\/\/www.akademosprzedszkole.pl\/zlobek\/wp-content\/uploads\/2021\/10\/angielski.svg\" alt=\"angielski\" title=\"angielski\" itemprop=\"image\"\/>\n\t\t\t\t<p>liczne zaj\u0119cia kszta\u0142tuj\u0105ce <strong>kreatywno\u015b\u0107<\/strong> i rozwijaj\u0105ce ciekawo\u015b\u0107 poznawcz\u0105 oraz <strong>kompetencje spo\u0142eczne<\/strong><\/p>\n\t\t\t\t<img decoding=\"async\" src=\"https:\/\/www.akademosprzedszkole.pl\/zlobek\/wp-content\/uploads\/2021\/10\/posilki.svg\" alt=\"posilki\" title=\"posilki\" itemprop=\"image\"\/>\n\t\t\t\t<p><strong>\u015bwie\u017ce<\/strong> i <strong>zdrowe<\/strong> posi\u0142ki, przygotowywane codziennie we <strong>w\u0142asnej kuchni<\/strong><\/p>\n\t\t\t\t<img decoding=\"async\" src=\"https:\/\/www.akademosprzedszkole.pl\/zlobek\/wp-content\/uploads\/2021\/10\/zegar.svg\" alt=\"zegar\" title=\"zegar\" itemprop=\"image\"\/>\n\t\t\t\t<p>godziny otwarcia: <br \/><strong>6.30 &#8211; 17.30<\/strong><\/p>\n<h1>\n\t\tCZESNE\n\t<\/h1>\n<p>Ca\u0142kowity koszt czesnego wynosi <strong>1950,00 z\u0142.<\/strong><\/p>\n<p>Rodzic mo\u017ce uzyska\u0107 dofinansowanie z programu rz\u0105dowego Aktywnie w \u017c\u0142obku w wysoko\u015bci <strong>1500 z\u0142\/ mc.<\/strong><\/p>\n<p>Dodatkowo koszt obni\u017cony jest o dofinansowanie z Urz\u0119du Gminy Suchy Las w wysoko\u015bci 450,00 z\u0142 *.<\/p>\n<p>* <em>od 1 wrze\u015bnia 2024 r. dofinansowanie z UG w wysoko\u015bci 450,00 z\u0142 tylko dla dzieci zamieszka\u0142ych na terenie gminy Suchy Las.<\/em><\/p>\nNumer rachunku bankowego:<br \/>\n74 1020 4027 0000 1902 1455 5835\n\t\t\t\t<img loading=\"lazy\" decoding=\"async\" src=\"https:\/\/www.akademosprzedszkole.pl\/zlobek\/wp-content\/uploads\/2022\/08\/akademos-pic-03-zlobek.png\" alt=\"akademos-pic-03-zlobek\" itemprop=\"image\" height=\"443\" width=\"394\" title=\"akademos-pic-03-zlobek\" onerror=\"this.style.display='none'\"  \/>\n\t\t\t\t<img loading=\"lazy\" decoding=\"async\" src=\"https:\/\/www.akademosprzedszkole.pl\/zlobek\/wp-content\/uploads\/2021\/10\/akademos-foto-big-3.jpg\" alt=\"akademos-foto-big-3\" itemprop=\"image\" height=\"726\" width=\"2000\" title=\"akademos-foto-big-3\" onerror=\"this.style.display='none'\"  \/>\n\t\t\t\t<img loading=\"lazy\" decoding=\"async\" src=\"https:\/\/www.akademosprzedszkole.pl\/zlobek\/wp-content\/uploads\/2022\/08\/akademos-pic-04-zlobek.png\" alt=\"akademos-pic-04-zlobek\" itemprop=\"image\" height=\"530\" width=\"324\" title=\"akademos-pic-04-zlobek\" onerror=\"this.style.display='none'\"  \/>\n\t\t\t<a href=\"\/zlobek\/kontakt\" target=\"_self\" role=\"button\">\n\t\t\t\t\t\t\tZapisz dziecko jeszcze dzi\u015b!\n\t\t\t\t\t<\/a>\n\n","protected":false},"excerpt":{"rendered":"<p>Poznajmy si\u0119 Niepubliczny \u017c\u0142obek Akademos w Z\u0142otnikach Tw\u00f3j maluch potrzebuje poczucia bezpiecze\u0144stwa, rozwojowych zaj\u0119\u0107 oraz przestrzeni do radosnej i beztroskiej zabawy, a my wiemy, jak mu to zagwarantowa\u0107. Nasza kadra to osoby z du\u017cym do\u015bwiadczeniem, ogromn\u0105 pasj\u0105 i, co najwa\u017cniejsze, mi\u0142o\u015bci\u0105 do dzieci. Wiemy, jak wa\u017cne jest otoczenie Twojego dziecka. Przygotowali\u015bmy dla naszych podopiecznych przestronne, &#8230; <a title=\"Publiczne przedszkole Akademos\" class=\"read-more\" href=\"https:\/\/www.akademosprzedszkole.pl\/zlobek\/\" aria-label=\"More on Publiczne przedszkole Akademos\">Czytaj dalej<\/a><\/p>\n","protected":false},"author":1,"featured_media":0,"parent":0,"menu_order":0,"comment_status":"closed","ping_status":"closed","template":"","meta":{"inline_featured_image":false,"footnotes":""},"class_list":["post-5","page","type-page","status-publish"],"_links":{"self":[{"href":"https:\/\/www.akademosprzedszkole.pl\/zlobek\/wp-json\/wp\/v2\/pages\/5","targetHints":{"allow":["GET"]}}],"collection":[{"href":"https:\/\/www.akademosprzedszkole.pl\/zlobek\/wp-json\/wp\/v2\/pages"}],"about":[{"href":"https:\/\/www.akademosprzedszkole.pl\/zlobek\/wp-json\/wp\/v2\/types\/page"}],"author":[{"embeddable":true,"href":"https:\/\/www.akademosprzedszkole.pl\/zlobek\/wp-json\/wp\/v2\/users\/1"}],"replies":[{"embeddable":true,"href":"https:\/\/www.akademosprzedszkole.pl\/zlobek\/wp-json\/wp\/v2\/comments?post=5"}],"version-history":[{"count":43,"href":"https:\/\/www.akademosprzedszkole.pl\/zlobek\/wp-json\/wp\/v2\/pages\/5\/revisions"}],"predecessor-version":[{"id":2155,"href":"https:\/\/www.akademosprzedszkole.pl\/zlobek\/wp-json\/wp\/v2\/pages\/5\/revisions\/2155"}],"wp:attachment":[{"href":"https:\/\/www.akademosprzedszkole.pl\/zlobek\/wp-json\/wp\/v2\/media?parent=5"}],"curies":[{"name":"wp","href":"https:\/\/api.w.org\/{rel}","templated":true}]}}